{"id":800,"date":"2024-07-08T13:59:25","date_gmt":"2024-07-08T13:59:25","guid":{"rendered":"https:\/\/jfsx.work\/?page_id=800"},"modified":"2025-12-06T16:50:03","modified_gmt":"2025-12-06T16:50:03","slug":"bmw-felge-fuer-1er-e87","status":"publish","type":"page","link":"https:\/\/bodyconcept-kfz.de\/en\/bmw-felge-fuer-1er-e87\/","title":{"rendered":"BMW wheel for 1 Series (E87)"},"content":{"rendered":"<div class=\"et_pb_section_0 et_pb_section et_section_regular et_block_section\">\n<div class=\"et_pb_row_0 et_pb_row et_block_row\">\n<div class=\"et_pb_column_0 et_pb_column et_pb_column_4_4 et-last-child et_block_column et_pb_css_mix_blend_mode_passthrough\">\n<div class=\"et_pb_text_0 et_pb_text et_pb_bg_layout_light et_pb_module et_block_module preset--module--divi-text--default\"><div class=\"et_pb_text_inner\"><h1 class=\"uk-article-title\">BMW wheel for 1 Series (E87)<\/h1>\n<\/div><\/div>\n\n<div class=\"et_pb_gallery_0 et_pb_gallery et_pb_bg_layout_light et_pb_text_align_center et_pb_gallery_grid et_pb_module\" data-auto-rotate=\"off\" data-auto-rotate-speed=\"\"><div class=\"et_pb_gallery_items et_post_gallery clearfix et_grid_module\" data-per_page=\"4\"><div class=\"et_pb_gallery_item et_pb_grid_item et_pb_gallery_item_0_0\"><div class=\"et_pb_gallery_image landscape\" data-per_page=\"4\"><a href=\"https:\/\/bodyconcept-kfz.de\/wp-content\/uploads\/BMW-Felge-2.jpeg\" title=\"BMW wheel for 1 Series (E87)\"><img loading=\"lazy\" decoding=\"async\" width=\"400\" height=\"284\" src=\"https:\/\/bodyconcept-kfz.de\/wp-content\/uploads\/BMW-Felge-2-400x284.jpeg\" alt=\"BMW Felge f\u00fcr 1er (E87)\" class=\"wp-image-805\" srcset=\"https:\/\/bodyconcept-kfz.de\/wp-content\/uploads\/BMW-Felge-2.jpeg 479w, https:\/\/bodyconcept-kfz.de\/wp-content\/uploads\/BMW-Felge-2-400x284.jpeg 480w\" sizes=\"(max-width:479px) 479px, 100vw\" \/><span class=\"et_overlay\" data-icon=\"\" data-icon-tablet=\"\" data-icon-phone=\"\"><\/span><\/a><\/div><\/div><div class=\"et_pb_gallery_item et_pb_grid_item et_pb_gallery_item_0_1\"><div class=\"et_pb_gallery_image landscape\" data-per_page=\"4\"><a href=\"https:\/\/bodyconcept-kfz.de\/wp-content\/uploads\/BMW-Felge-4.jpeg\" title=\"BMW wheel for 1 Series (E87)\"><img loading=\"lazy\" decoding=\"async\" width=\"400\" height=\"284\" src=\"https:\/\/bodyconcept-kfz.de\/wp-content\/uploads\/BMW-Felge-4-400x284.jpeg\" alt=\"BMW Felge f\u00fcr 1er (E87)\" class=\"wp-image-807\" srcset=\"https:\/\/bodyconcept-kfz.de\/wp-content\/uploads\/BMW-Felge-4.jpeg 479w, https:\/\/bodyconcept-kfz.de\/wp-content\/uploads\/BMW-Felge-4-400x284.jpeg 480w\" sizes=\"(max-width:479px) 479px, 100vw\" \/><span class=\"et_overlay\" data-icon=\"\" data-icon-tablet=\"\" data-icon-phone=\"\"><\/span><\/a><\/div><\/div><div class=\"et_pb_gallery_item et_pb_grid_item et_pb_gallery_item_0_2\"><div class=\"et_pb_gallery_image landscape\" data-per_page=\"4\"><a href=\"https:\/\/bodyconcept-kfz.de\/wp-content\/uploads\/BMW-Felge-3.jpeg\" title=\"BMW wheel for 1 Series (E87)\"><img loading=\"lazy\" decoding=\"async\" width=\"400\" height=\"284\" src=\"https:\/\/bodyconcept-kfz.de\/wp-content\/uploads\/BMW-Felge-3-400x284.jpeg\" alt=\"BMW Felge f\u00fcr 1er (E87)\" class=\"wp-image-806\" srcset=\"https:\/\/bodyconcept-kfz.de\/wp-content\/uploads\/BMW-Felge-3.jpeg 479w, https:\/\/bodyconcept-kfz.de\/wp-content\/uploads\/BMW-Felge-3-400x284.jpeg 480w\" sizes=\"(max-width:479px) 479px, 100vw\" \/><span class=\"et_overlay\" data-icon=\"\" data-icon-tablet=\"\" data-icon-phone=\"\"><\/span><\/a><\/div><\/div><div class=\"et_pb_gallery_item et_pb_grid_item et_pb_gallery_item_0_3\"><div class=\"et_pb_gallery_image landscape\" data-per_page=\"4\"><a href=\"https:\/\/bodyconcept-kfz.de\/wp-content\/uploads\/BMW-Felge-1.jpeg\" title=\"BMW wheel for 1 Series (E87)\"><img loading=\"lazy\" decoding=\"async\" width=\"400\" height=\"284\" src=\"https:\/\/bodyconcept-kfz.de\/wp-content\/uploads\/BMW-Felge-1-400x284.jpeg\" alt=\"BMW Felge f\u00fcr 1er (E87)\" class=\"wp-image-804\" srcset=\"https:\/\/bodyconcept-kfz.de\/wp-content\/uploads\/BMW-Felge-1.jpeg 479w, https:\/\/bodyconcept-kfz.de\/wp-content\/uploads\/BMW-Felge-1-400x284.jpeg 480w\" sizes=\"(max-width:479px) 479px, 100vw\" \/><span class=\"et_overlay\" data-icon=\"\" data-icon-tablet=\"\" data-icon-phone=\"\"><\/span><\/a><\/div><\/div><\/div><\/div>\n\n<div class=\"et_pb_text_1 et_pb_text et_pb_bg_layout_light et_pb_module et_block_module preset--module--divi-text--default\"><div class=\"et_pb_text_inner\"><p>For sale:<\/p>\n<p><b>BMW wheel for Series 1 (E87)<\/b><\/p>\n<p>New and original<\/p>\n<p>Dimension 6.5 x 16 inch<\/p>\n<p>Price: <a href=\"\/en\/kontakt\/\">80,- \u20ac negotiation<\/a><\/p>\n<\/div><\/div>\n<\/div>\n<\/div>\n<\/div>","protected":false},"excerpt":{"rendered":"<p>Originalen Felge f\u00fcr einen BMW 1er (E87) in der Gr\u00f6\u00dfe 6,5 x 16 Zoll. Body Concept Karosseriebau GmbH<\/p>","protected":false},"author":1,"featured_media":0,"parent":0,"menu_order":0,"comment_status":"closed","ping_status":"closed","template":"","meta":{"footnotes":""},"class_list":["post-800","page","type-page","status-publish","hentry"],"_links":{"self":[{"href":"https:\/\/bodyconcept-kfz.de\/en\/wp-json\/wp\/v2\/pages\/800","targetHints":{"allow":["GET"]}}],"collection":[{"href":"https:\/\/bodyconcept-kfz.de\/en\/wp-json\/wp\/v2\/pages"}],"about":[{"href":"https:\/\/bodyconcept-kfz.de\/en\/wp-json\/wp\/v2\/types\/page"}],"author":[{"embeddable":true,"href":"https:\/\/bodyconcept-kfz.de\/en\/wp-json\/wp\/v2\/users\/1"}],"replies":[{"embeddable":true,"href":"https:\/\/bodyconcept-kfz.de\/en\/wp-json\/wp\/v2\/comments?post=800"}],"version-history":[{"count":5,"href":"https:\/\/bodyconcept-kfz.de\/en\/wp-json\/wp\/v2\/pages\/800\/revisions"}],"predecessor-version":[{"id":1674,"href":"https:\/\/bodyconcept-kfz.de\/en\/wp-json\/wp\/v2\/pages\/800\/revisions\/1674"}],"wp:attachment":[{"href":"https:\/\/bodyconcept-kfz.de\/en\/wp-json\/wp\/v2\/media?parent=800"}],"curies":[{"name":"wp","href":"https:\/\/api.w.org\/{rel}","templated":true}]}}