{"id":648,"date":"2024-07-05T09:34:46","date_gmt":"2024-07-05T09:34:46","guid":{"rendered":"https:\/\/jfsx.work\/?page_id=648"},"modified":"2025-12-01T17:28:09","modified_gmt":"2025-12-01T17:28:09","slug":"body-concept-innovation","status":"publish","type":"page","link":"https:\/\/bodyconcept-kfz.de\/en\/body-concept-innovation\/","title":{"rendered":"Body Concept Innovation"},"content":{"rendered":"<div class=\"et_pb_section_0 et_pb_section et_section_regular et_block_section\"><div class=\"et_pb_row_0 et_pb_row et_block_row\"><div class=\"et_pb_column_0 et_pb_column et_pb_column_4_4 et-last-child et_block_column et_pb_css_mix_blend_mode_passthrough\"><div class=\"et_pb_image_0 et_pb_image et_pb_module et_flex_module\"><span class=\"et_pb_image_wrap\"><img loading=\"lazy\" decoding=\"async\" src=\"https:\/\/bodyconcept-kfz.de\/wp-content\/uploads\/innovation-bc-header.webp\" alt=\"Body Concept Innovation\" title=\"innovation-bc-header\" width=\"1200\" height=\"500\" srcset=\"https:\/\/bodyconcept-kfz.de\/wp-content\/uploads\/innovation-bc-header.webp 1200w, https:\/\/bodyconcept-kfz.de\/wp-content\/uploads\/innovation-bc-header-980x408.webp 980w, https:\/\/bodyconcept-kfz.de\/wp-content\/uploads\/innovation-bc-header-480x200.webp 480w\" sizes=\"(min-width: 0px) and (max-width: 480px) 480px, (min-width: 481px) and (max-width: 980px) 980px, (min-width: 981px) 1200px, 100vw\" class=\"wp-image-650\" \/><\/span><\/div><div class=\"et_pb_text_0 et_pb_text et_pb_bg_layout_light et_pb_module et_flex_module preset--module--divi-text--default\"><div class=\"et_pb_text_inner\"><h1>BODY CONCEPT INNOVATION<\/h1>\n<p>For us, innovation is more than just a buzzword - it means using new technologies to offer you the best possible solutions. With our focus on the following innovative approaches, we are setting standards in the industry:<\/p>\n<h2>Digitization:<\/h2>\n<p>We use advanced digital technologies to optimize the development process and achieve precise results. Through digital capture and modeling, we can efficiently design and process complex parts.<\/p>\n<h2>Rapid Prototyping:<\/h2>\n<p>Unser Einsatz von Rapid Prototyping erm\u00f6glicht es uns, schnell und kosteng\u00fcnstig Prototypen herzustellen. Dadurch k\u00f6nnen wir Designideen schnell validieren und den Entwicklungsprozess beschleunigen.<\/p>\n<h2>Bonding techniques:<\/h2>\n<p>We use the latest bonding techniques to create lightweight and robust body structures. These techniques enable improved strength and rigidity without sacrificing flexibility.<\/p>\n<h2>Sheet metal clamp model:<\/h2>\n<p>Our innovative sheet metal clamping model allows us to precisely reproduce complex shapes and curves. This enables us to create high-quality tools for the reproduction of body parts.<\/p>\n<h3>Your advantage with Body Concept Innovation:<\/h3>\n<p>By creating wood, aluminum and steel tools for the reproduction of complex parts, we offer you a variety of advantages:<\/p>\n<p><strong>Higher accuracy:<\/strong> Our modern production techniques enable precise results that meet your requirements.<br \/><strong>Faster production:<\/strong> Thanks to our efficient processes, we can manufacture and deliver products faster.<br \/><strong>Higher quantities:<\/strong> Wir sind in der Lage, auch gro\u00dfe Mengen von Teilen in kurzer Zeit zu produzieren, ohne dabei Kompromisse bei der Qualit\u00e4t einzugehen.<\/p>\n<p>Rely on Body Concept Innovation to meet your demanding requirements for body parts. We are your reliable partner for innovative solutions in the automotive industry.<\/p>\n<\/div><\/div><\/div><\/div><div class=\"et_pb_row_1 et_pb_row et_block_row\"><div class=\"et_pb_column_1 et_pb_column et_pb_column_4_4 et-last-child et_block_column et_pb_css_mix_blend_mode_passthrough\"><div class=\"et_pb_gallery_0 et_pb_gallery et_pb_bg_layout_light et_pb_gallery_grid et_pb_module\" data-auto-rotate=\"off\" data-auto-rotate-speed=\"\"><div class=\"et_pb_gallery_items et_post_gallery clearfix et_block_module\" data-per_page=\"4\"><div class=\"et_pb_gallery_item et_pb_grid_item et_pb_gallery_item_0_0\"><div class=\"et_pb_gallery_image landscape\" data-per_page=\"4\"><a href=\"https:\/\/bodyconcept-kfz.de\/wp-content\/uploads\/Datenmodelling_Schnitte.jpg\" title=\"Data modeling sections\"><img loading=\"lazy\" decoding=\"async\" width=\"400\" height=\"284\" src=\"https:\/\/bodyconcept-kfz.de\/wp-content\/uploads\/Datenmodelling_Schnitte-400x284.jpg\" alt=\"\" class=\"wp-image-653\" srcset=\"https:\/\/bodyconcept-kfz.de\/wp-content\/uploads\/Datenmodelling_Schnitte.jpg 479w, https:\/\/bodyconcept-kfz.de\/wp-content\/uploads\/Datenmodelling_Schnitte-400x284.jpg 480w\" sizes=\"(max-width:479px) 479px, 100vw\" \/><span class=\"et_overlay\" data-icon=\"\" data-icon-tablet=\"\" data-icon-phone=\"\"><\/span><\/a><\/div><\/div><div class=\"et_pb_gallery_item et_pb_grid_item et_pb_gallery_item_0_1\"><div class=\"et_pb_gallery_image landscape\" data-per_page=\"4\"><a href=\"https:\/\/bodyconcept-kfz.de\/wp-content\/uploads\/Datenmodelling_Visualisierung.jpg\" title=\"Datenmodelling_Visualisierung\"><img loading=\"lazy\" decoding=\"async\" width=\"400\" height=\"284\" src=\"https:\/\/bodyconcept-kfz.de\/wp-content\/uploads\/Datenmodelling_Visualisierung-400x284.jpg\" alt=\"\" class=\"wp-image-655\" srcset=\"https:\/\/bodyconcept-kfz.de\/wp-content\/uploads\/Datenmodelling_Visualisierung.jpg 479w, https:\/\/bodyconcept-kfz.de\/wp-content\/uploads\/Datenmodelling_Visualisierung-400x284.jpg 480w\" sizes=\"(max-width:479px) 479px, 100vw\" \/><span class=\"et_overlay\" data-icon=\"\" data-icon-tablet=\"\" data-icon-phone=\"\"><\/span><\/a><\/div><\/div><div class=\"et_pb_gallery_item et_pb_grid_item et_pb_gallery_item_0_2\"><div class=\"et_pb_gallery_image landscape\" data-per_page=\"4\"><a href=\"https:\/\/bodyconcept-kfz.de\/wp-content\/uploads\/Datenmodelling_Schnitte2.jpg\" title=\"Datenmodelling_Schnitte2\"><img loading=\"lazy\" decoding=\"async\" width=\"400\" height=\"284\" src=\"https:\/\/bodyconcept-kfz.de\/wp-content\/uploads\/Datenmodelling_Schnitte2-400x284.jpg\" alt=\"\" class=\"wp-image-654\" srcset=\"https:\/\/bodyconcept-kfz.de\/wp-content\/uploads\/Datenmodelling_Schnitte2.jpg 479w, https:\/\/bodyconcept-kfz.de\/wp-content\/uploads\/Datenmodelling_Schnitte2-400x284.jpg 480w\" sizes=\"(max-width:479px) 479px, 100vw\" \/><span class=\"et_overlay\" data-icon=\"\" data-icon-tablet=\"\" data-icon-phone=\"\"><\/span><\/a><\/div><\/div><div class=\"et_pb_gallery_item et_pb_grid_item et_pb_gallery_item_0_3\"><div class=\"et_pb_gallery_image landscape\" data-per_page=\"4\"><a href=\"https:\/\/bodyconcept-kfz.de\/wp-content\/uploads\/Model-6-W900.jpg\" title=\"Model (6)-W900\"><img loading=\"lazy\" decoding=\"async\" width=\"400\" height=\"284\" src=\"https:\/\/bodyconcept-kfz.de\/wp-content\/uploads\/Model-6-W900-400x284.jpg\" alt=\"\" class=\"wp-image-656\" srcset=\"https:\/\/bodyconcept-kfz.de\/wp-content\/uploads\/Model-6-W900.jpg 479w, https:\/\/bodyconcept-kfz.de\/wp-content\/uploads\/Model-6-W900-400x284.jpg 480w\" sizes=\"(max-width:479px) 479px, 100vw\" \/><span class=\"et_overlay\" data-icon=\"\" data-icon-tablet=\"\" data-icon-phone=\"\"><\/span><\/a><\/div><\/div><\/div><\/div><\/div><\/div><\/div>","protected":false},"excerpt":{"rendered":"<p>Entdecken Sie unsere neuesten Karosseriel\u00f6sungen und lassen Sie sich von innovativen Techniken \u00fcberzeugen. Bei Body Concept Karosseriebau GmbH &#8211; Patrick Dutschmann dreht sich alles um Qualit\u00e4t, Pr\u00e4zision und Schnelligkeit. Vertrauen Sie auf unsere Expertise und lassen Sie uns gemeinsam Ihre individuellen Anforderungen erf\u00fcllen.<\/p>","protected":false},"author":1,"featured_media":0,"parent":0,"menu_order":0,"comment_status":"closed","ping_status":"closed","template":"","meta":{"footnotes":""},"class_list":["post-648","page","type-page","status-publish","hentry"],"_links":{"self":[{"href":"https:\/\/bodyconcept-kfz.de\/en\/wp-json\/wp\/v2\/pages\/648","targetHints":{"allow":["GET"]}}],"collection":[{"href":"https:\/\/bodyconcept-kfz.de\/en\/wp-json\/wp\/v2\/pages"}],"about":[{"href":"https:\/\/bodyconcept-kfz.de\/en\/wp-json\/wp\/v2\/types\/page"}],"author":[{"embeddable":true,"href":"https:\/\/bodyconcept-kfz.de\/en\/wp-json\/wp\/v2\/users\/1"}],"replies":[{"embeddable":true,"href":"https:\/\/bodyconcept-kfz.de\/en\/wp-json\/wp\/v2\/comments?post=648"}],"version-history":[{"count":6,"href":"https:\/\/bodyconcept-kfz.de\/en\/wp-json\/wp\/v2\/pages\/648\/revisions"}],"predecessor-version":[{"id":1470,"href":"https:\/\/bodyconcept-kfz.de\/en\/wp-json\/wp\/v2\/pages\/648\/revisions\/1470"}],"wp:attachment":[{"href":"https:\/\/bodyconcept-kfz.de\/en\/wp-json\/wp\/v2\/media?parent=648"}],"curies":[{"name":"wp","href":"https:\/\/api.w.org\/{rel}","templated":true}]}}