{"id":20,"date":"2024-04-14T15:03:07","date_gmt":"2024-04-14T15:03:07","guid":{"rendered":"https:\/\/jfsx.work\/?page_id=20"},"modified":"2025-12-06T16:50:30","modified_gmt":"2025-12-06T16:50:30","slug":"gutachter","status":"publish","type":"page","link":"https:\/\/bodyconcept-kfz.de\/en\/gutachter\/","title":{"rendered":"Appraiser"},"content":{"rendered":"<div class=\"et_pb_section_0 et_pb_section et_section_regular et_block_section preset--module--divi-section--2289a398-f585-4e6a-b579-255cd22bc309\">\n<div class=\"et_pb_row_0 et_pb_row et_block_row\">\n<div class=\"et_pb_column_0 et_pb_column et_pb_column_4_4 et-last-child et_block_column et_pb_css_mix_blend_mode_passthrough\">\n<div class=\"et_pb_text_0 et_pb_text et_pb_bg_layout_light et_pb_module et_block_module preset--module--divi-text--default\"><div class=\"et_pb_text_inner\"><h1>Car appraiser Patrick Dutschmann - Your expert for car body restorations<\/h1>\n<\/div><\/div>\n\n<div class=\"et_pb_text_1 et_pb_text et_pb_bg_layout_light et_pb_module et_block_module preset--module--divi-text--default\"><div class=\"et_pb_text_inner\"><p><img loading=\"lazy\" decoding=\"async\" src=\"https:\/\/bodyconcept-kfz.de\/wp-content\/uploads\/gutachter.webp\" width=\"450\" height=\"200\" alt=\"Patrick Dutschmann - Karosserie-Gutachter\" style=\"float: right; margin-bottom: 20px; margin-left: 10px;\" \/>The restoration of historic vehicles often encompasses various specialist areas, with the bodywork and the associated restoration or refurbishment of the bodyshell taking centre stage. Such work is often associated with high costs, so it is in the interests of both the classic car workshop and the client to make clear contractual arrangements from the outset regarding the scope of restoration, quality, time and remuneration.<\/p>\n<p>Unfortunately, such agreements are being made less and less frequently, which is increasingly leading to legal disputes. Most disputes arise from differing opinions about the work carried out: What was contracted and what was actually delivered?<\/p>\n<p>This is where I come in!<\/p>\n<p>Ich biete Ihnen meine langj\u00e4hrige Erfahrung zur objektiven Bewertung der Rohkarosserie und technischen L\u00f6sungen an. Zus\u00e4tzlich kann ich als Vermittler zwischen den streitenden Parteien fungieren, um das Projekt \"Oldtimer\" vor endlosen Gerichtsverfahren zu bewahren.<\/p>\n<p>As an expert in bodywork on classic vehicles, I can draw on 28 years of experience. During this time, we have worked on, straightened and rebuilt 400 bodies, including small series and exotic models.<\/p>\n<p>With immediate effect, I am expanding my company to include the field of appraisers\/experts for bodywork restorations. I am your contact when it comes to the appraisal and evaluation of bodyshells built up to 1989.<\/p>\n<p><strong>My services for you at a glance:<\/strong><\/p>\n<ul>\n<li>Appraisal of classic car bodies built up to 1989<\/li>\n<li>Conflict resolution and mediation between workshop and end customer<\/li>\n<li>Works approval<\/li>\n<\/ul>\n<p>Contact me to realise your restoration project in a safe and professional manner.<\/p>\n<p><strong>Car valuer Patrick Dutschmann<\/strong> - your expert for historic vehicles and bodywork restoration.<\/p>\n<\/div><\/div>\n<\/div>\n<\/div>\n<\/div>","protected":false},"excerpt":{"rendered":"","protected":false},"author":1,"featured_media":115,"parent":0,"menu_order":0,"comment_status":"closed","ping_status":"closed","template":"","meta":{"footnotes":""},"class_list":["post-20","page","type-page","status-publish","has-post-thumbnail","hentry"],"_links":{"self":[{"href":"https:\/\/bodyconcept-kfz.de\/en\/wp-json\/wp\/v2\/pages\/20","targetHints":{"allow":["GET"]}}],"collection":[{"href":"https:\/\/bodyconcept-kfz.de\/en\/wp-json\/wp\/v2\/pages"}],"about":[{"href":"https:\/\/bodyconcept-kfz.de\/en\/wp-json\/wp\/v2\/types\/page"}],"author":[{"embeddable":true,"href":"https:\/\/bodyconcept-kfz.de\/en\/wp-json\/wp\/v2\/users\/1"}],"replies":[{"embeddable":true,"href":"https:\/\/bodyconcept-kfz.de\/en\/wp-json\/wp\/v2\/comments?post=20"}],"version-history":[{"count":15,"href":"https:\/\/bodyconcept-kfz.de\/en\/wp-json\/wp\/v2\/pages\/20\/revisions"}],"predecessor-version":[{"id":1676,"href":"https:\/\/bodyconcept-kfz.de\/en\/wp-json\/wp\/v2\/pages\/20\/revisions\/1676"}],"wp:featuredmedia":[{"embeddable":true,"href":"https:\/\/bodyconcept-kfz.de\/en\/wp-json\/wp\/v2\/media\/115"}],"wp:attachment":[{"href":"https:\/\/bodyconcept-kfz.de\/en\/wp-json\/wp\/v2\/media?parent=20"}],"curies":[{"name":"wp","href":"https:\/\/api.w.org\/{rel}","templated":true}]}}