{"id":16,"date":"2024-04-14T15:01:28","date_gmt":"2024-04-14T15:01:28","guid":{"rendered":"https:\/\/jfsx.work\/?page_id=16"},"modified":"2025-12-06T16:52:13","modified_gmt":"2025-12-06T16:52:13","slug":"unsere-leistungen","status":"publish","type":"page","link":"https:\/\/bodyconcept-kfz.de\/en\/unsere-leistungen\/","title":{"rendered":"Our services"},"content":{"rendered":"<div class=\"et_pb_section_0 et_pb_section et_section_regular et_block_section\">\n<div class=\"et_pb_row_0 et_pb_row et_block_row\">\n<div class=\"et_pb_column_0 et_pb_column et_pb_column_4_4 et-last-child et_block_column et_pb_css_mix_blend_mode_passthrough\">\n\n<div class=\"et_pb_module et_d4_element et_pb_image et_pb_image_0\">\n\t\t\t\t\n\t\t\t\t\n\t\t\t\t\n\t\t\t\t\n\t\t\t\t<span class=\"et_pb_image_wrap\"><img loading=\"lazy\" decoding=\"async\" width=\"1200\" height=\"480\" src=\"https:\/\/bodyconcept-kfz.de\/wp-content\/uploads\/body-concept-hard-work.webp\" alt=\"Hard Work bei Body Concept\" title=\"Hard Work bei Body Concept\" srcset=\"https:\/\/bodyconcept-kfz.de\/wp-content\/uploads\/body-concept-hard-work.webp 1200w, https:\/\/bodyconcept-kfz.de\/wp-content\/uploads\/body-concept-hard-work-980x392.webp 980w, https:\/\/bodyconcept-kfz.de\/wp-content\/uploads\/body-concept-hard-work-480x192.webp 480w\" sizes=\"(min-width: 0px) and (max-width: 480px) 480px, (min-width: 481px) and (max-width: 980px) 980px, (min-width: 981px) 1200px, 100vw\" class=\"wp-image-908\" \/><\/span>\n\t\t\t<\/div>\n\n\n<div class=\"et_pb_text_0 et_pb_text et_pb_bg_layout_light et_pb_module et_block_module preset--module--divi-text--default\"><div class=\"et_pb_text_inner\"><h1>Our services<\/h1>\n<\/div><\/div>\n\n<div class=\"et_pb_text_1 et_pb_text et_pb_bg_layout_light et_pb_module et_block_module preset--module--divi-text--default\"><div class=\"et_pb_text_inner\"><p><!-- wp:heading {\"level\":3} --><\/p>\n<h2 class=\"wp-block-heading\">Restorations<\/h2>\n<p><!-- \/wp:heading --><\/p>\n<p><!-- wp:paragraph -->My team and I see the restoration of a car as the restoration of a work of art. It is therefore our aim to come as close as possible to the original.<\/p>\n<p><!-- \/wp:paragraph --><\/p>\n<p><!-- wp:heading {\"level\":3} --><\/p>\n<h2 class=\"wp-block-heading\">Reconstructions<\/h2>\n<p><!-- \/wp:heading --><\/p>\n<p>We manufacture complete bodies or parts according to your ideas and wishes.<\/p>\n<p>We use the latest technology, e.g. digitising (scanning) individual body parts. Reconstructions are also possible without a template.<\/p>\n<p><!-- \/wp:paragraph --><\/p>\n<p><!-- wp:heading {\"level\":3} --><\/p>\n<h2 class=\"wp-block-heading\">Aluminium processing<\/h2>\n<p><!-- \/wp:heading --><\/p>\n<p>One of our specialities.<\/p>\n<p>Austin-Healey, Aston Martin, Maserati, Lamborghini, but also classic Mercedes Benz and Porsche cars have aluminium body parts.<\/p>\n<p>This material requires great care and specialised knowledge during processing.<\/p>\n<p>Thanks to our experience in this field, we can manufacture individual parts to the highest quality and restore complete aluminium bodies, including Superleggera designs.<\/p>\n<p>We are your partner in Stuttgart, Ludwigsburg and the surrounding area<\/p>\n<p><!-- \/wp:paragraph --><\/p>\n<p><!-- wp:heading {\"level\":3} --><\/p>\n<h2 class=\"wp-block-heading\">Straightening bench work<\/h2>\n<p><!-- \/wp:heading --><\/p>\n<p>We work with the Celette straightening system and have straightening kits for Austin Healey 3000, Porsche 356 and various BMW models, among others.<\/p>\n<p><!-- \/wp:paragraph --><\/p>\n<p><!-- wp:heading {\"level\":3} --><\/p>\n<p><!-- \/wp:paragraph --><\/p>\n<p><!-- wp:heading {\"level\":3} --><\/p>\n<p><!-- \/wp:paragraph --><\/p>\n<\/div><\/div>\n<\/div>\n<\/div>\n<\/div>","protected":false},"excerpt":{"rendered":"<p>Bei Body Concept Karosseriebau GmbH leben wir die Leidenschaft f\u00fcr automobile Exzellenz und verkn\u00fcpfen traditionelle Handwerkskunst mit innovativen Technologien. Unser engagiertes Team bringt nicht nur Ihr Fahrzeug in den besten Zustand, sondern verwandelt es in ein Kunstwerk auf R\u00e4dern, das seine Geschichte erz\u00e4hlt. Vom pr\u00e4zisen Scannen der Karosserieteile bis zur meisterhaften Aluminiumbearbeitung, wir sorgen daf\u00fcr, dass jedes Detail sorgf\u00e4ltig umgesetzt wird. Vertrauen Sie uns, wenn es darum geht, Ihr Fahrzeug individuell nach Ihren W\u00fcnschen zu gestalten und ihm neuen Glanz zu verleihen, w\u00e4hrend wir gleichzeitig h\u00f6chste Qualit\u00e4tsstandards einhalten.<\/p>","protected":false},"author":1,"featured_media":0,"parent":0,"menu_order":0,"comment_status":"closed","ping_status":"closed","template":"","meta":{"_et_pb_use_builder":"on","_et_pb_old_content":"<!-- wp:heading {\"level\":3} -->\n<h3 class=\"wp-block-heading\">Restaurierungen<\/h3>\n<!-- \/wp:heading -->\n\n<!-- wp:paragraph -->\n<p>Mein Team und ich verstehen unter der Restaurierung eines Automobils die Wiederherstellung eines Kunstwerkes. Daher ist es unser Anspruch, dem Original so nahe wie m\u00f6glich zu kommen.<\/p>\n<!-- \/wp:paragraph -->\n\n<!-- wp:heading {\"level\":3} -->\n<h3 class=\"wp-block-heading\">Rekonstruktionen<\/h3>\n<!-- \/wp:heading -->\n\n<!-- wp:paragraph -->\n<p><br>Nach Ihren Vorstellungen und W\u00fcnschen fertigen wir komplette Karosserien oder Teile.<br><br>Dabei nutzen wir modernste Technik, z.B. das Digitalisieren (Scannen) einzelner Karosserieteile. Rekonstruktionen sind auch ohne Vorlage m\u00f6glich..<\/p>\n<!-- \/wp:paragraph -->\n\n<!-- wp:heading {\"level\":3} -->\n<h3 class=\"wp-block-heading\">Aluminiumbearbeitung<\/h3>\n<!-- \/wp:heading -->\n\n<!-- wp:paragraph -->\n<p><br>Eine unserer Spezialit\u00e4ten.<br><br>Austin-Healey, Aston Martin, Maserati, Lamborghini, aber auch Klassiker von Mercedes- Benz und Porsche verf\u00fcgen \u00fcber Karosserieteile aus Aluminium.<br><br>Dieser Werkstoff verlangt gro\u00dfe Sorgfalt und setzt spezielle Kenntnisse bei der Bearbeitung voraus.<br><br>Durch unsere Erfahrung auf diesem Gebiet k\u00f6nnen wir einzelne Teile in bester Qualit\u00e4t fertigen und komplette Aluminium-Karosserien, auch in Superleggera-Bauweise, restaurieren.<br><br>Wir sind Ihr Partner im Raum Stuttgart, Ludwigsburg und Umgebung<\/p>\n<!-- \/wp:paragraph -->\n\n<!-- wp:heading {\"level\":3} -->\n<h3 class=\"wp-block-heading\">Richtbankarbeiten<\/h3>\n<!-- \/wp:heading -->\n\n<!-- wp:paragraph -->\n<p><br>Wir arbeiten mit dem Celette-Richt-system und haben u.a. Richts\u00e4tze f\u00fcr Austin Healey 3000, Porsche 356 und div. BMW-Modelle.<\/p>\n<!-- \/wp:paragraph -->\n\n<!-- wp:heading {\"level\":3} -->\n<h3 class=\"wp-block-heading\">Unfall- &amp; Zeitwertreparaturen<\/h3>\n<!-- \/wp:heading -->\n\n<!-- wp:paragraph -->\n<p><br>Selbstverst\u00e4ndlich geh\u00f6ren Unfallsch\u00e4den an aktuellen Serienfahrzeugen zu unserem Tagesgesch\u00e4ft.<br><br>Wir k\u00fcmmern uns um Gutachten, einen Ersatzwagen, die Reparatur mit Originalersatzteilen und rechnen direkt mit der Versicherung ab.<br><br>Auf Wunsch reparieren wir nach Zeitwert ggf. mit gebrauchten Teilen.<\/p>\n<!-- \/wp:paragraph -->\n\n<!-- wp:heading {\"level\":3} -->\n<h3 class=\"wp-block-heading\">Inspektionen &amp; T\u00dcV Arbeiten<\/h3>\n<!-- \/wp:heading -->\n\n<!-- wp:paragraph -->\n<p><br>Wartungsarbeiten und \u00d6lwechsel f\u00fchren wir selbstverst\u00e4ndlich genauso zuverl\u00e4ssig durch, wie wir die T\u00dcV Abnahme regeln und Nacharbeiten erledigen.<\/p>\n<!-- \/wp:paragraph -->\n\n<!-- wp:heading {\"level\":3} -->\n<h3 class=\"wp-block-heading\">Schutz &amp; Pflege<\/h3>\n<!-- \/wp:heading -->\n\n<!-- wp:paragraph -->\n<p><br>Und auch darum k\u00fcmmern wir uns: Hohlraumkonservierung mit Schutzwachs und Rostvorsorge, Polieren und Versiegeln des Lacks.<br><br>Wir nehmen uns gerne Zeit f\u00fcr Sie und beraten Sie unverbindlich.<br><br>Alle Leistungen werden von uns in Kornwestheim \"Made in Germany\" ausgef\u00fchrt.<\/p>\n<!-- \/wp:paragraph -->","_et_gb_content_width":"","footnotes":""},"class_list":["post-16","page","type-page","status-publish","hentry"],"_links":{"self":[{"href":"https:\/\/bodyconcept-kfz.de\/en\/wp-json\/wp\/v2\/pages\/16","targetHints":{"allow":["GET"]}}],"collection":[{"href":"https:\/\/bodyconcept-kfz.de\/en\/wp-json\/wp\/v2\/pages"}],"about":[{"href":"https:\/\/bodyconcept-kfz.de\/en\/wp-json\/wp\/v2\/types\/page"}],"author":[{"embeddable":true,"href":"https:\/\/bodyconcept-kfz.de\/en\/wp-json\/wp\/v2\/users\/1"}],"replies":[{"embeddable":true,"href":"https:\/\/bodyconcept-kfz.de\/en\/wp-json\/wp\/v2\/comments?post=16"}],"version-history":[{"count":7,"href":"https:\/\/bodyconcept-kfz.de\/en\/wp-json\/wp\/v2\/pages\/16\/revisions"}],"predecessor-version":[{"id":1686,"href":"https:\/\/bodyconcept-kfz.de\/en\/wp-json\/wp\/v2\/pages\/16\/revisions\/1686"}],"wp:attachment":[{"href":"https:\/\/bodyconcept-kfz.de\/en\/wp-json\/wp\/v2\/media?parent=16"}],"curies":[{"name":"wp","href":"https:\/\/api.w.org\/{rel}","templated":true}]}}