{"id":14,"date":"2024-04-14T15:00:08","date_gmt":"2024-04-14T15:00:08","guid":{"rendered":"https:\/\/jfsx.work\/?page_id=14"},"modified":"2025-12-06T16:51:02","modified_gmt":"2025-12-06T16:51:02","slug":"qualitaet-bei-body-concept","status":"publish","type":"page","link":"https:\/\/bodyconcept-kfz.de\/en\/qualitaet-bei-body-concept\/","title":{"rendered":"Quality at Body Concept"},"content":{"rendered":"<div class=\"et_pb_section_0 et_pb_section et_section_regular et_block_section\">\n<div class=\"et_pb_row_0 et_pb_row et_block_row\">\n<div class=\"et_pb_column_0 et_pb_column et_pb_column_4_4 et-last-child et_block_column et_pb_css_mix_blend_mode_passthrough\">\n<div class=\"et_pb_image_0 et_pb_image et_pb_module et_block_module\"><span class=\"et_pb_image_wrap\"><img loading=\"lazy\" decoding=\"async\" src=\"https:\/\/bodyconcept-kfz.de\/wp-content\/uploads\/qualitaet-bc-header-1.webp\" width=\"1200\" height=\"500\" srcset=\"https:\/\/bodyconcept-kfz.de\/wp-content\/uploads\/qualitaet-bc-header-1.webp 1200w, https:\/\/bodyconcept-kfz.de\/wp-content\/uploads\/qualitaet-bc-header-1-980x408.webp 980w, https:\/\/bodyconcept-kfz.de\/wp-content\/uploads\/qualitaet-bc-header-1-480x200.webp 480w\" sizes=\"(min-width: 0px) and (max-width: 480px) 480px, (min-width: 481px) and (max-width: 980px) 980px, (min-width: 981px) 1200px, 100vw\" class=\"wp-image-680\" title=\"qualitaet-bc-header\" alt=\"Qualit\u00e4t bei BodyConcept\" \/><\/span><\/div>\n\n<div class=\"et_pb_text_0 et_pb_text et_pb_bg_layout_light et_pb_module et_block_module preset--module--divi-text--default\"><div class=\"et_pb_text_inner\"><h1>Quality at Body Concept<\/h1>\n<p>For us, quality means:<\/p>\n<ul>\n<li>Perfection - our aim is to create a sheet metal surface that can be painted with a thickness of around 300 - 400 \u00b5m.<\/li>\n<li>Control and documentation of the work steps.<\/li>\n<li>Uniform gap dimensions on hoods and doors.<\/li>\n<\/ul>\n<p>We create value by staying true to the original.<\/p>\n<\/div><\/div>\n<\/div>\n<\/div>\n\n<div class=\"et_pb_row_1 et_pb_row et_block_row\">\n<div class=\"et_pb_column_1 et_pb_column et_pb_column_4_4 et-last-child et_block_column et_pb_css_mix_blend_mode_passthrough\">\n<div class=\"et_pb_gallery_0 et_pb_gallery et_pb_bg_layout_light et_pb_gallery_grid et_pb_module\" data-auto-rotate=\"off\" data-auto-rotate-speed=\"\"><div class=\"et_pb_gallery_items et_post_gallery clearfix et_grid_module\" data-per_page=\"4\"><div class=\"et_pb_gallery_item et_pb_grid_item et_pb_gallery_item_0_0\"><div class=\"et_pb_gallery_image landscape\" data-per_page=\"4\"><a href=\"https:\/\/bodyconcept-kfz.de\/wp-content\/uploads\/Hauben-Rep.-11-W900.jpg\" title=\"Restauration Motorhaube - Body Concept Karosseriebau GmbH\"><img loading=\"lazy\" decoding=\"async\" width=\"400\" height=\"284\" src=\"https:\/\/bodyconcept-kfz.de\/wp-content\/uploads\/Hauben-Rep.-11-W900-400x284.jpg\" alt=\"Restauration Motorhaube - Body Concept Karosseriebau GmbH\" class=\"wp-image-673\" srcset=\"https:\/\/bodyconcept-kfz.de\/wp-content\/uploads\/Hauben-Rep.-11-W900.jpg 479w, https:\/\/bodyconcept-kfz.de\/wp-content\/uploads\/Hauben-Rep.-11-W900-400x284.jpg 480w\" sizes=\"(max-width:479px) 479px, 100vw\" \/><span class=\"et_overlay\" data-icon=\"\" data-icon-tablet=\"\" data-icon-phone=\"\"><\/span><\/a><\/div><\/div><div class=\"et_pb_gallery_item et_pb_grid_item et_pb_gallery_item_0_1\"><div class=\"et_pb_gallery_image landscape\" data-per_page=\"4\"><a href=\"https:\/\/bodyconcept-kfz.de\/wp-content\/uploads\/Hauben-Rep.-12-W900.jpg\" title=\"Restauration Motorhaube - Body Concept Karosseriebau GmbH\"><img loading=\"lazy\" decoding=\"async\" width=\"400\" height=\"284\" src=\"https:\/\/bodyconcept-kfz.de\/wp-content\/uploads\/Hauben-Rep.-12-W900-400x284.jpg\" alt=\"Restauration Motorhaube - Body Concept Karosseriebau GmbH\" class=\"wp-image-674\" srcset=\"https:\/\/bodyconcept-kfz.de\/wp-content\/uploads\/Hauben-Rep.-12-W900.jpg 479w, https:\/\/bodyconcept-kfz.de\/wp-content\/uploads\/Hauben-Rep.-12-W900-400x284.jpg 480w\" sizes=\"(max-width:479px) 479px, 100vw\" \/><span class=\"et_overlay\" data-icon=\"\" data-icon-tablet=\"\" data-icon-phone=\"\"><\/span><\/a><\/div><\/div><div class=\"et_pb_gallery_item et_pb_grid_item et_pb_gallery_item_0_2\"><div class=\"et_pb_gallery_image landscape\" data-per_page=\"4\"><a href=\"https:\/\/bodyconcept-kfz.de\/wp-content\/uploads\/Hauben-Rep.-14-W900.jpg\" title=\"Restauration Motorhaube - Body Concept Karosseriebau GmbH\"><img loading=\"lazy\" decoding=\"async\" width=\"400\" height=\"284\" src=\"https:\/\/bodyconcept-kfz.de\/wp-content\/uploads\/Hauben-Rep.-14-W900-400x284.jpg\" alt=\"Restauration Motorhaube - Body Concept Karosseriebau GmbH\" class=\"wp-image-676\" srcset=\"https:\/\/bodyconcept-kfz.de\/wp-content\/uploads\/Hauben-Rep.-14-W900.jpg 479w, https:\/\/bodyconcept-kfz.de\/wp-content\/uploads\/Hauben-Rep.-14-W900-400x284.jpg 480w\" sizes=\"(max-width:479px) 479px, 100vw\" \/><span class=\"et_overlay\" data-icon=\"\" data-icon-tablet=\"\" data-icon-phone=\"\"><\/span><\/a><\/div><\/div><div class=\"et_pb_gallery_item et_pb_grid_item et_pb_gallery_item_0_3\"><div class=\"et_pb_gallery_image landscape\" data-per_page=\"4\"><a href=\"https:\/\/bodyconcept-kfz.de\/wp-content\/uploads\/DSCN1801-W900.jpg\" title=\"Porsche Allgaier Traktor, 1954\"><img loading=\"lazy\" decoding=\"async\" width=\"400\" height=\"284\" src=\"https:\/\/bodyconcept-kfz.de\/wp-content\/uploads\/DSCN1801-W900-400x284.jpg\" alt=\"Porsche Allgaier Traktor, 1954 - Body Concept\" class=\"wp-image-672\" srcset=\"https:\/\/bodyconcept-kfz.de\/wp-content\/uploads\/DSCN1801-W900.jpg 479w, https:\/\/bodyconcept-kfz.de\/wp-content\/uploads\/DSCN1801-W900-400x284.jpg 480w\" sizes=\"(max-width:479px) 479px, 100vw\" \/><span class=\"et_overlay\" data-icon=\"\" data-icon-tablet=\"\" data-icon-phone=\"\"><\/span><\/a><\/div><\/div><\/div><\/div>\n<\/div>\n<\/div>\n<\/div>","protected":false},"excerpt":{"rendered":"<p>Entdecken Sie bei Body Concept Karosseriebau GmbH die perfekte Balance zwischen Tradition und Innovation. Unsere Liebe zum Detail und Streben nach Perfektion spiegeln sich in jedem Lackauftrag wider, um eine Oberfl\u00e4che von un\u00fcbertroffener Qualit\u00e4t zu schaffen. Vertrauen Sie auf unsere langj\u00e4hrige Erfahrung und Fachkompetenz, um Ihre individuellen Anspr\u00fcche zu erf\u00fcllen und zeitlose Werte zu bewahren.<\/p>","protected":false},"author":1,"featured_media":0,"parent":0,"menu_order":0,"comment_status":"closed","ping_status":"closed","template":"","meta":{"footnotes":""},"class_list":["post-14","page","type-page","status-publish","hentry"],"_links":{"self":[{"href":"https:\/\/bodyconcept-kfz.de\/en\/wp-json\/wp\/v2\/pages\/14","targetHints":{"allow":["GET"]}}],"collection":[{"href":"https:\/\/bodyconcept-kfz.de\/en\/wp-json\/wp\/v2\/pages"}],"about":[{"href":"https:\/\/bodyconcept-kfz.de\/en\/wp-json\/wp\/v2\/types\/page"}],"author":[{"embeddable":true,"href":"https:\/\/bodyconcept-kfz.de\/en\/wp-json\/wp\/v2\/users\/1"}],"replies":[{"embeddable":true,"href":"https:\/\/bodyconcept-kfz.de\/en\/wp-json\/wp\/v2\/comments?post=14"}],"version-history":[{"count":5,"href":"https:\/\/bodyconcept-kfz.de\/en\/wp-json\/wp\/v2\/pages\/14\/revisions"}],"predecessor-version":[{"id":1678,"href":"https:\/\/bodyconcept-kfz.de\/en\/wp-json\/wp\/v2\/pages\/14\/revisions\/1678"}],"wp:attachment":[{"href":"https:\/\/bodyconcept-kfz.de\/en\/wp-json\/wp\/v2\/media?parent=14"}],"curies":[{"name":"wp","href":"https:\/\/api.w.org\/{rel}","templated":true}]}}